{"id":244,"date":"2021-05-17T06:59:53","date_gmt":"2021-05-17T06:59:53","guid":{"rendered":"https:\/\/www.jinkoba.com\/template-10\/home\/"},"modified":"2022-01-29T19:19:09","modified_gmt":"2022-01-29T18:19:09","slug":"home","status":"publish","type":"page","link":"https:\/\/www.jinkoba.com\/template-10\/","title":{"rendered":"Accueil"},"content":{"rendered":"\n<div class=\"wp-block-group alignfull has-ast-global-color-4-background-color has-background is-layout-flow wp-block-group-is-layout-flow\"><div class=\"wp-block-group__inner-container\">\n<div class=\"wp-block-media-text alignfull has-media-on-the-right is-stacked-on-mobile is-vertically-aligned-center\" style=\"grid-template-columns:auto 46%\"><figure class=\"wp-block-media-text__media\"><img loading=\"lazy\" decoding=\"async\" width=\"1024\" height=\"767\" src=\"https:\/\/websitedemos.net\/professional-services-08\/wp-content\/uploads\/sites\/856\/2021\/05\/home-hero-img-1-1024x767.jpg\" alt=\"\" class=\"wp-image-55 size-full\" srcset=\"https:\/\/www.jinkoba.com\/template-10\/wp-content\/uploads\/sites\/16\/2021\/05\/home-hero-img-1-1024x767.jpg 1024w, https:\/\/www.jinkoba.com\/template-10\/wp-content\/uploads\/sites\/16\/2021\/05\/home-hero-img-1-300x225.jpg 300w, https:\/\/www.jinkoba.com\/template-10\/wp-content\/uploads\/sites\/16\/2021\/05\/home-hero-img-1-768x575.jpg 768w, https:\/\/www.jinkoba.com\/template-10\/wp-content\/uploads\/sites\/16\/2021\/05\/home-hero-img-1.jpg 1200w\" sizes=\"auto, (max-width: 1024px) 100vw, 1024px\" \/><\/figure><div class=\"wp-block-media-text__content\">\n<h1 class=\"has-text-align-center wp-block-heading\" id=\"prenez-le-controle-de-votre-entreprise-avec-notre-coaching-internationnal\">Prenez le contr\u00f4le de votre entreprise avec notre coaching internationnal<\/h1>\n\n\n\n<div class=\"wp-block-buttons is-horizontal is-content-justification-center is-layout-flex wp-container-core-buttons-is-layout-03627597 wp-block-buttons-is-layout-flex\">\n<div class=\"wp-block-button\"><a class=\"wp-block-button__link\">R\u00e9server une consultation<\/a><\/div>\n<\/div>\n<\/div><\/div>\n<\/div><\/div>\n\n\n\n<div class=\"wp-block-group alignfull has-ast-global-color-3-background-color has-background is-layout-flow wp-block-group-is-layout-flow\"><div class=\"wp-block-group__inner-container\">\n<h2 class=\"has-white-color has-text-color wp-block-heading\" id=\"nous-aidons-les-equipes-a-creer-l-entreprise-de-leurs-reves-avec-nos-services\">Nous aidons les \u00e9quipes \u00e0 cr\u00e9er l&rsquo;entreprise de leurs r\u00eaves avec nos services.<\/h2>\n\n\n\n<div style=\"height:30px\" aria-hidden=\"true\" class=\"wp-block-spacer\"><\/div>\n\n\n\n<div class=\"wp-block-columns alignwide is-layout-flex wp-container-core-columns-is-layout-28f84493 wp-block-columns-is-layout-flex\">\n<div class=\"wp-block-column is-layout-flow wp-block-column-is-layout-flow\">\n<h4 class=\"has-white-color has-text-color wp-block-heading\" id=\"identifier-les-objectifs\">Identifier les objectifs<\/h4>\n\n\n\n<p class=\"has-text-color\" style=\"color:#b8b8be\">Nous travaillons en \u00e9troite collaboration avec vous pour comprendre et identifier vos objectifs commerciaux qui peuvent \u00eatre convertis en un plan d&rsquo;action.<\/p>\n<\/div>\n\n\n\n<div class=\"wp-block-column is-layout-flow wp-block-column-is-layout-flow\">\n<h4 class=\"has-white-color has-text-color wp-block-heading\" id=\"donner-vie-a-vos-idees\">Donner vie \u00e0 vos id\u00e9es<\/h4>\n\n\n\n<p class=\"has-text-color\" style=\"color:#b8b8be\">Les id\u00e9es et les plans que nous avons not\u00e9s prendront alors vie. Nous vous aidons et vous guidons pour faire le premier pas et mettre les choses en place.<\/p>\n<\/div>\n\n\n\n<div class=\"wp-block-column is-layout-flow wp-block-column-is-layout-flow\">\n<h4 class=\"has-white-color has-text-color wp-block-heading\" id=\"expansion-commerciale\">Expansion commerciale<\/h4>\n\n\n\n<p class=\"has-text-color\" style=\"color:#b8b8be\">Cr\u00e9er une entreprise ne suffit pas. Nous vous aidons \u00e0 anticiper et vous encourageons \u00e0 d\u00e9velopper votre entreprise avec un plan \u00e0 toute \u00e9preuve.<\/p>\n<\/div>\n<\/div>\n\n\n\n<div style=\"height:60px\" aria-hidden=\"true\" class=\"wp-block-spacer\"><\/div>\n\n\n\n<div class=\"wp-block-buttons alignwide is-layout-flex wp-block-buttons-is-layout-flex\">\n<div class=\"wp-block-button\"><a class=\"wp-block-button__link\">Voir tous les services<\/a><\/div>\n<\/div>\n<\/div><\/div>\n\n\n\n<div class=\"wp-block-group alignfull has-ast-global-color-5-background-color has-background is-layout-flow wp-block-group-is-layout-flow\"><div class=\"wp-block-group__inner-container\">\n<div class=\"wp-block-media-text alignwide is-stacked-on-mobile is-vertically-aligned-center\"><figure class=\"wp-block-media-text__media\"><img loading=\"lazy\" decoding=\"async\" width=\"600\" height=\"480\" src=\"https:\/\/www.jinkoba.com\/template-10\/wp-content\/uploads\/sites\/16\/2021\/05\/home-about-img.jpg\" alt=\"\" class=\"wp-image-80 size-full\" srcset=\"https:\/\/www.jinkoba.com\/template-10\/wp-content\/uploads\/sites\/16\/2021\/05\/home-about-img.jpg 600w, https:\/\/www.jinkoba.com\/template-10\/wp-content\/uploads\/sites\/16\/2021\/05\/home-about-img-300x240.jpg 300w\" sizes=\"auto, (max-width: 600px) 100vw, 600px\" \/><\/figure><div class=\"wp-block-media-text__content\">\n<h4 class=\"wp-block-heading\" id=\"faites-nous-confiance\">Faites nous confiance<\/h4>\n\n\n\n<h2 class=\"wp-block-heading\" id=\"nous-sommes-ici-pour-vous-aider\">Nous sommes ici pour vous aider!<\/h2>\n\n\n\n<p>Si vous recherchez un coach d&rsquo;affaires fiable avec qui vous partagez votre avis et obtenez les meilleurs conseils commerciaux, nous sommes l\u00e0. Avec 10 ans d&rsquo;exp\u00e9rience dans l&rsquo;aide \u00e0 la croissance des entreprises, nous avons ma\u00eetris\u00e9 les comp\u00e9tences n\u00e9cessaires pour \u00e9tudier le march\u00e9 pour vous et vous aider \u00e0 faire face aux derni\u00e8res tendances qui feront passer votre entreprise au niveau sup\u00e9rieur.<\/p>\n<\/div><\/div>\n\n\n\n<div style=\"height:50px\" aria-hidden=\"true\" class=\"wp-block-spacer\"><\/div>\n\n\n\n<div class=\"wp-block-media-text alignwide has-media-on-the-right is-stacked-on-mobile is-vertically-aligned-center\"><figure class=\"wp-block-media-text__media\"><img loading=\"lazy\" decoding=\"async\" width=\"600\" height=\"480\" src=\"https:\/\/www.jinkoba.com\/template-10\/wp-content\/uploads\/sites\/16\/2021\/05\/why-choose-us.jpg\" alt=\"\" class=\"wp-image-85 size-full\" srcset=\"https:\/\/www.jinkoba.com\/template-10\/wp-content\/uploads\/sites\/16\/2021\/05\/why-choose-us.jpg 600w, https:\/\/www.jinkoba.com\/template-10\/wp-content\/uploads\/sites\/16\/2021\/05\/why-choose-us-300x240.jpg 300w\" sizes=\"auto, (max-width: 600px) 100vw, 600px\" \/><\/figure><div class=\"wp-block-media-text__content\">\n<h2 class=\"wp-block-heading\" id=\"pourquoi-nous-choisir\">Pourquoi nous choisir ?<\/h2>\n\n\n\n<p>Nous sommes des professionnels exp\u00e9riment\u00e9s<br>avec des esprits plus jeunes.<\/p>\n\n\n\n<h5 class=\"wp-block-heading\" id=\"passion-engagement\">Passion &amp; Engagement<\/h5>\n\n\n\n<h5 class=\"wp-block-heading\" id=\"honnetete-ouverture-d-esprit\">Honn\u00eatet\u00e9 &amp; Ouverture d&rsquo;esprit<\/h5>\n\n\n\n<h5 class=\"wp-block-heading\" id=\"equipe-dediee\">\u00c9quipe d\u00e9di\u00e9e<\/h5>\n\n\n\n<h5 class=\"wp-block-heading\" id=\"approche-pratique\">Approche pratique<\/h5>\n<\/div><\/div>\n<\/div><\/div>\n\n\n\n<div class=\"wp-block-group alignfull has-ast-global-color-4-background-color has-background is-layout-flow wp-block-group-is-layout-flow\"><div class=\"wp-block-group__inner-container\">\n<h2 class=\"has-text-align-center wp-block-heading\" id=\"ces-leaders-nous-font-confiance\">Ces Leaders Nous Font Confiance<\/h2>\n\n\n\n<div class=\"wp-block-columns alignwide is-layout-flex wp-container-core-columns-is-layout-28f84493 wp-block-columns-is-layout-flex\">\n<div class=\"wp-block-column is-layout-flow wp-block-column-is-layout-flow\">\n<p class=\"has-text-align-center\">Diam, urna, ornare leo facilisis suspen disse eu rutrum id cursus tincidunt nisl eget ornare pharetra ac pharetra.<\/p>\n\n\n\n<div class=\"wp-block-image is-style-rounded\"><figure class=\"aligncenter size-large is-resized\"><img loading=\"lazy\" decoding=\"async\" src=\"https:\/\/www.jinkoba.com\/template-10\/wp-content\/uploads\/sites\/16\/2021\/05\/customer-3.jpg\" alt=\"\" class=\"wp-image-93\" width=\"50\" height=\"50\" srcset=\"https:\/\/www.jinkoba.com\/template-10\/wp-content\/uploads\/sites\/16\/2021\/05\/customer-3.jpg 200w, https:\/\/www.jinkoba.com\/template-10\/wp-content\/uploads\/sites\/16\/2021\/05\/customer-3-150x150.jpg 150w\" sizes=\"auto, (max-width: 50px) 100vw, 50px\" \/><\/figure><\/div>\n\n\n\n<p class=\"has-text-align-center\">Priscila Markus <\/p>\n<\/div>\n\n\n\n<div class=\"wp-block-column is-layout-flow wp-block-column-is-layout-flow\">\n<p class=\"has-text-align-center\">Diam, urna, ornare leo facilisis suspen disse eu rutrum id cursus tincidunt nisl eget ornare pharetra ac pharetra.<\/p>\n\n\n\n<div class=\"wp-block-image is-style-rounded\"><figure class=\"aligncenter size-large is-resized\"><img loading=\"lazy\" decoding=\"async\" src=\"https:\/\/www.jinkoba.com\/template-10\/wp-content\/uploads\/sites\/16\/2021\/05\/customer-1.jpg\" alt=\"\" class=\"wp-image-94\" width=\"50\" height=\"50\" srcset=\"https:\/\/www.jinkoba.com\/template-10\/wp-content\/uploads\/sites\/16\/2021\/05\/customer-1.jpg 200w, https:\/\/www.jinkoba.com\/template-10\/wp-content\/uploads\/sites\/16\/2021\/05\/customer-1-150x150.jpg 150w\" sizes=\"auto, (max-width: 50px) 100vw, 50px\" \/><\/figure><\/div>\n\n\n\n<p class=\"has-text-align-center\">Kyle Hoffman<\/p>\n<\/div>\n\n\n\n<div class=\"wp-block-column is-layout-flow wp-block-column-is-layout-flow\">\n<p class=\"has-text-align-center\">Diam, urna, ornare leo facilisis suspen disse eu rutrum id cursus tincidunt nisl eget ornare pharetra ac pharetra.<\/p>\n\n\n\n<div class=\"wp-block-image is-style-rounded\"><figure class=\"aligncenter size-large is-resized\"><img loading=\"lazy\" decoding=\"async\" src=\"https:\/\/www.jinkoba.com\/template-10\/wp-content\/uploads\/sites\/16\/2021\/06\/customer-4.jpg\" alt=\"\" class=\"wp-image-243\" width=\"50\" height=\"50\" srcset=\"https:\/\/www.jinkoba.com\/template-10\/wp-content\/uploads\/sites\/16\/2021\/06\/customer-4.jpg 200w, https:\/\/www.jinkoba.com\/template-10\/wp-content\/uploads\/sites\/16\/2021\/06\/customer-4-150x150.jpg 150w\" sizes=\"auto, (max-width: 50px) 100vw, 50px\" \/><\/figure><\/div>\n\n\n\n<p class=\"has-text-align-center\">Jason Myles<\/p>\n<\/div>\n<\/div>\n\n\n\n<div style=\"height:50px\" aria-hidden=\"true\" class=\"wp-block-spacer\"><\/div>\n\n\n\n<div class=\"wp-block-columns is-layout-flex wp-container-core-columns-is-layout-28f84493 wp-block-columns-is-layout-flex\">\n<div class=\"wp-block-column is-layout-flow wp-block-column-is-layout-flow\">\n<div class=\"wp-block-image\"><figure class=\"aligncenter size-large\"><img decoding=\"async\" src=\"https:\/\/www.jinkoba.com\/template-10\/wp-content\/uploads\/sites\/16\/2021\/05\/logo-5.svg\" alt=\"\" class=\"wp-image-108\"\/><\/figure><\/div>\n<\/div>\n\n\n\n<div class=\"wp-block-column is-layout-flow wp-block-column-is-layout-flow\">\n<div class=\"wp-block-image\"><figure class=\"aligncenter size-large\"><img decoding=\"async\" src=\"https:\/\/www.jinkoba.com\/template-10\/wp-content\/uploads\/sites\/16\/2021\/05\/logo-3.svg\" alt=\"\" class=\"wp-image-106\"\/><\/figure><\/div>\n<\/div>\n\n\n\n<div class=\"wp-block-column is-layout-flow wp-block-column-is-layout-flow\">\n<div class=\"wp-block-image\"><figure class=\"aligncenter size-large\"><img decoding=\"async\" src=\"https:\/\/www.jinkoba.com\/template-10\/wp-content\/uploads\/sites\/16\/2021\/05\/logo-4.svg\" alt=\"\" class=\"wp-image-107\"\/><\/figure><\/div>\n<\/div>\n\n\n\n<div class=\"wp-block-column is-layout-flow wp-block-column-is-layout-flow\">\n<div class=\"wp-block-image\"><figure class=\"aligncenter size-large\"><img decoding=\"async\" src=\"https:\/\/www.jinkoba.com\/template-10\/wp-content\/uploads\/sites\/16\/2021\/05\/logo-1.svg\" alt=\"\" class=\"wp-image-104\"\/><\/figure><\/div>\n<\/div>\n<\/div>\n<\/div><\/div>\n","protected":false},"excerpt":{"rendered":"<p>Prenez le contr\u00f4le de votre entreprise avec notre coaching internationnal Nous aidons les \u00e9quipes \u00e0 cr\u00e9er l&rsquo;entreprise de leurs r\u00eaves avec nos services. Identifier les objectifs Nous travaillons en \u00e9troite collaboration avec vous pour comprendre et identifier vos objectifs commerciaux qui peuvent \u00eatre convertis en un plan d&rsquo;action. Donner vie \u00e0 vos id\u00e9es Les id\u00e9es [&hellip;]<\/p>\n","protected":false},"author":1,"featured_media":0,"parent":0,"menu_order":0,"comment_status":"closed","ping_status":"closed","template":"","meta":{"_uag_custom_page_level_css":"","site-sidebar-layout":"no-sidebar","site-content-layout":"plain-container","ast-site-content-layout":"default","site-content-style":"default","site-sidebar-style":"default","ast-global-header-display":"","ast-banner-title-visibility":"","ast-main-header-display":"","ast-hfb-above-header-display":"","ast-hfb-below-header-display":"","ast-hfb-mobile-header-display":"","site-post-title":"disabled","ast-breadcrumbs-content":"","ast-featured-img":"","footer-sml-layout":"","ast-disable-related-posts":"","theme-transparent-header-meta":"default","adv-header-id-meta":"","stick-header-meta":"","header-above-stick-meta":"","header-main-stick-meta":"","header-below-stick-meta":"","astra-migrate-meta-layouts":"default","ast-page-background-enabled":"default","ast-page-background-meta":{"desktop":{"background-color":"var(--ast-global-color-4)","background-image":"","background-repeat":"repeat","background-position":"center center","background-size":"auto","background-attachment":"scroll","background-type":"","background-media":"","overlay-type":"","overlay-color":"","overlay-opacity":"","overlay-gradient":""},"tablet":{"background-color":"","background-image":"","background-repeat":"repeat","background-position":"center center","background-size":"auto","background-attachment":"scroll","background-type":"","background-media":"","overlay-type":"","overlay-color":"","overlay-opacity":"","overlay-gradient":""},"mobile":{"background-color":"","background-image":"","background-repeat":"repeat","background-position":"center center","background-size":"auto","background-attachment":"scroll","background-type":"","background-media":"","overlay-type":"","overlay-color":"","overlay-opacity":"","overlay-gradient":""}},"ast-content-background-meta":{"desktop":{"background-color":"var(--ast-global-color-5)","background-image":"","background-repeat":"repeat","background-position":"center center","background-size":"auto","background-attachment":"scroll","background-type":"","background-media":"","overlay-type":"","overlay-color":"","overlay-opacity":"","overlay-gradient":""},"tablet":{"background-color":"var(--ast-global-color-5)","background-image":"","background-repeat":"repeat","background-position":"center center","background-size":"auto","background-attachment":"scroll","background-type":"","background-media":"","overlay-type":"","overlay-color":"","overlay-opacity":"","overlay-gradient":""},"mobile":{"background-color":"var(--ast-global-color-5)","background-image":"","background-repeat":"repeat","background-position":"center center","background-size":"auto","background-attachment":"scroll","background-type":"","background-media":"","overlay-type":"","overlay-color":"","overlay-opacity":"","overlay-gradient":""}},"footnotes":""},"class_list":["post-244","page","type-page","status-publish","hentry"],"yoast_head":"<!-- This site is optimized with the Yoast SEO plugin v27.5 - https:\/\/yoast.com\/product\/yoast-seo-wordpress\/ -->\n<title>Accueil - Services<\/title>\n<meta name=\"robots\" content=\"noindex, follow, max-snippet:-1, max-image-preview:large, max-video-preview:-1\" \/>\n<meta property=\"og:locale\" content=\"fr_FR\" \/>\n<meta property=\"og:type\" content=\"article\" \/>\n<meta property=\"og:title\" content=\"Accueil - Services\" \/>\n<meta property=\"og:description\" content=\"Prenez le contr\u00f4le de votre entreprise avec notre coaching internationnal Nous aidons les \u00e9quipes \u00e0 cr\u00e9er l&rsquo;entreprise de leurs r\u00eaves avec nos services. Identifier les objectifs Nous travaillons en \u00e9troite collaboration avec vous pour comprendre et identifier vos objectifs commerciaux qui peuvent \u00eatre convertis en un plan d&rsquo;action. Donner vie \u00e0 vos id\u00e9es Les id\u00e9es [&hellip;]\" \/>\n<meta property=\"og:url\" content=\"https:\/\/www.jinkoba.com\/template-10\/\" \/>\n<meta property=\"og:site_name\" content=\"Services\" \/>\n<meta property=\"article:modified_time\" content=\"2022-01-29T18:19:09+00:00\" \/>\n<meta property=\"og:image\" content=\"https:\/\/www.jinkoba.com\/template-10\/wp-content\/uploads\/sites\/16\/2021\/05\/home-hero-img-1.jpg\" \/>\n\t<meta property=\"og:image:width\" content=\"1200\" \/>\n\t<meta property=\"og:image:height\" content=\"899\" \/>\n\t<meta property=\"og:image:type\" content=\"image\/jpeg\" \/>\n<meta name=\"twitter:card\" content=\"summary_large_image\" \/>\n<meta name=\"twitter:label1\" content=\"Dur\u00e9e de lecture estim\u00e9e\" \/>\n\t<meta name=\"twitter:data1\" content=\"4 minutes\" \/>\n<script type=\"application\/ld+json\" class=\"yoast-schema-graph\">{\"@context\":\"https:\\\/\\\/schema.org\",\"@graph\":[{\"@type\":\"WebPage\",\"@id\":\"https:\\\/\\\/www.jinkoba.com\\\/template-10\\\/\",\"url\":\"https:\\\/\\\/www.jinkoba.com\\\/template-10\\\/\",\"name\":\"Accueil - Services\",\"isPartOf\":{\"@id\":\"https:\\\/\\\/www.jinkoba.com\\\/template-10\\\/#website\"},\"primaryImageOfPage\":{\"@id\":\"https:\\\/\\\/www.jinkoba.com\\\/template-10\\\/#primaryimage\"},\"image\":{\"@id\":\"https:\\\/\\\/www.jinkoba.com\\\/template-10\\\/#primaryimage\"},\"thumbnailUrl\":\"https:\\\/\\\/websitedemos.net\\\/professional-services-08\\\/wp-content\\\/uploads\\\/sites\\\/856\\\/2021\\\/05\\\/home-hero-img-1-1024x767.jpg\",\"datePublished\":\"2021-05-17T06:59:53+00:00\",\"dateModified\":\"2022-01-29T18:19:09+00:00\",\"breadcrumb\":{\"@id\":\"https:\\\/\\\/www.jinkoba.com\\\/template-10\\\/#breadcrumb\"},\"inLanguage\":\"fr-FR\",\"potentialAction\":[{\"@type\":\"ReadAction\",\"target\":[\"https:\\\/\\\/www.jinkoba.com\\\/template-10\\\/\"]}]},{\"@type\":\"ImageObject\",\"inLanguage\":\"fr-FR\",\"@id\":\"https:\\\/\\\/www.jinkoba.com\\\/template-10\\\/#primaryimage\",\"url\":\"https:\\\/\\\/websitedemos.net\\\/professional-services-08\\\/wp-content\\\/uploads\\\/sites\\\/856\\\/2021\\\/05\\\/home-hero-img-1-1024x767.jpg\",\"contentUrl\":\"https:\\\/\\\/websitedemos.net\\\/professional-services-08\\\/wp-content\\\/uploads\\\/sites\\\/856\\\/2021\\\/05\\\/home-hero-img-1-1024x767.jpg\"},{\"@type\":\"BreadcrumbList\",\"@id\":\"https:\\\/\\\/www.jinkoba.com\\\/template-10\\\/#breadcrumb\",\"itemListElement\":[{\"@type\":\"ListItem\",\"position\":1,\"name\":\"Accueil\",\"item\":\"https:\\\/\\\/www.jinkoba.com\\\/template-10\\\/\"},{\"@type\":\"ListItem\",\"position\":2,\"name\":\"Accueil\"}]},{\"@type\":\"WebSite\",\"@id\":\"https:\\\/\\\/www.jinkoba.com\\\/template-10\\\/#website\",\"url\":\"https:\\\/\\\/www.jinkoba.com\\\/template-10\\\/\",\"name\":\"Services\",\"description\":\"Un site utilisant Jinkoba\",\"potentialAction\":[{\"@type\":\"SearchAction\",\"target\":{\"@type\":\"EntryPoint\",\"urlTemplate\":\"https:\\\/\\\/www.jinkoba.com\\\/template-10\\\/?s={search_term_string}\"},\"query-input\":{\"@type\":\"PropertyValueSpecification\",\"valueRequired\":true,\"valueName\":\"search_term_string\"}}],\"inLanguage\":\"fr-FR\"}]}<\/script>\n<!-- \/ Yoast SEO plugin. -->","yoast_head_json":{"title":"Accueil - Services","robots":{"index":"noindex","follow":"follow","max-snippet":"max-snippet:-1","max-image-preview":"max-image-preview:large","max-video-preview":"max-video-preview:-1"},"og_locale":"fr_FR","og_type":"article","og_title":"Accueil - Services","og_description":"Prenez le contr\u00f4le de votre entreprise avec notre coaching internationnal Nous aidons les \u00e9quipes \u00e0 cr\u00e9er l&rsquo;entreprise de leurs r\u00eaves avec nos services. Identifier les objectifs Nous travaillons en \u00e9troite collaboration avec vous pour comprendre et identifier vos objectifs commerciaux qui peuvent \u00eatre convertis en un plan d&rsquo;action. Donner vie \u00e0 vos id\u00e9es Les id\u00e9es [&hellip;]","og_url":"https:\/\/www.jinkoba.com\/template-10\/","og_site_name":"Services","article_modified_time":"2022-01-29T18:19:09+00:00","og_image":[{"width":1200,"height":899,"url":"https:\/\/www.jinkoba.com\/template-10\/wp-content\/uploads\/sites\/16\/2021\/05\/home-hero-img-1.jpg","type":"image\/jpeg"}],"twitter_card":"summary_large_image","twitter_misc":{"Dur\u00e9e de lecture estim\u00e9e":"4 minutes"},"schema":{"@context":"https:\/\/schema.org","@graph":[{"@type":"WebPage","@id":"https:\/\/www.jinkoba.com\/template-10\/","url":"https:\/\/www.jinkoba.com\/template-10\/","name":"Accueil - Services","isPartOf":{"@id":"https:\/\/www.jinkoba.com\/template-10\/#website"},"primaryImageOfPage":{"@id":"https:\/\/www.jinkoba.com\/template-10\/#primaryimage"},"image":{"@id":"https:\/\/www.jinkoba.com\/template-10\/#primaryimage"},"thumbnailUrl":"https:\/\/websitedemos.net\/professional-services-08\/wp-content\/uploads\/sites\/856\/2021\/05\/home-hero-img-1-1024x767.jpg","datePublished":"2021-05-17T06:59:53+00:00","dateModified":"2022-01-29T18:19:09+00:00","breadcrumb":{"@id":"https:\/\/www.jinkoba.com\/template-10\/#breadcrumb"},"inLanguage":"fr-FR","potentialAction":[{"@type":"ReadAction","target":["https:\/\/www.jinkoba.com\/template-10\/"]}]},{"@type":"ImageObject","inLanguage":"fr-FR","@id":"https:\/\/www.jinkoba.com\/template-10\/#primaryimage","url":"https:\/\/websitedemos.net\/professional-services-08\/wp-content\/uploads\/sites\/856\/2021\/05\/home-hero-img-1-1024x767.jpg","contentUrl":"https:\/\/websitedemos.net\/professional-services-08\/wp-content\/uploads\/sites\/856\/2021\/05\/home-hero-img-1-1024x767.jpg"},{"@type":"BreadcrumbList","@id":"https:\/\/www.jinkoba.com\/template-10\/#breadcrumb","itemListElement":[{"@type":"ListItem","position":1,"name":"Accueil","item":"https:\/\/www.jinkoba.com\/template-10\/"},{"@type":"ListItem","position":2,"name":"Accueil"}]},{"@type":"WebSite","@id":"https:\/\/www.jinkoba.com\/template-10\/#website","url":"https:\/\/www.jinkoba.com\/template-10\/","name":"Services","description":"Un site utilisant Jinkoba","potentialAction":[{"@type":"SearchAction","target":{"@type":"EntryPoint","urlTemplate":"https:\/\/www.jinkoba.com\/template-10\/?s={search_term_string}"},"query-input":{"@type":"PropertyValueSpecification","valueRequired":true,"valueName":"search_term_string"}}],"inLanguage":"fr-FR"}]}},"uagb_featured_image_src":{"full":false,"thumbnail":false,"medium":false,"medium_large":false,"large":false,"1536x1536":false,"2048x2048":false},"uagb_author_info":{"display_name":"gilles@gillesfournat.com","author_link":"https:\/\/www.jinkoba.com\/template-10\/author\/gillesgillesfournat-com\/"},"uagb_comment_info":0,"uagb_excerpt":"Prenez le contr\u00f4le de votre entreprise avec notre coaching internationnal Nous aidons les \u00e9quipes \u00e0 cr\u00e9er l&rsquo;entreprise de leurs r\u00eaves avec nos services. Identifier les objectifs Nous travaillons en \u00e9troite collaboration avec vous pour comprendre et identifier vos objectifs commerciaux qui peuvent \u00eatre convertis en un plan d&rsquo;action. Donner vie \u00e0 vos id\u00e9es Les id\u00e9es\u2026","_links":{"self":[{"href":"https:\/\/www.jinkoba.com\/template-10\/wp-json\/wp\/v2\/pages\/244","targetHints":{"allow":["GET"]}}],"collection":[{"href":"https:\/\/www.jinkoba.com\/template-10\/wp-json\/wp\/v2\/pages"}],"about":[{"href":"https:\/\/www.jinkoba.com\/template-10\/wp-json\/wp\/v2\/types\/page"}],"author":[{"embeddable":true,"href":"https:\/\/www.jinkoba.com\/template-10\/wp-json\/wp\/v2\/users\/1"}],"replies":[{"embeddable":true,"href":"https:\/\/www.jinkoba.com\/template-10\/wp-json\/wp\/v2\/comments?post=244"}],"version-history":[{"count":2,"href":"https:\/\/www.jinkoba.com\/template-10\/wp-json\/wp\/v2\/pages\/244\/revisions"}],"predecessor-version":[{"id":252,"href":"https:\/\/www.jinkoba.com\/template-10\/wp-json\/wp\/v2\/pages\/244\/revisions\/252"}],"wp:attachment":[{"href":"https:\/\/www.jinkoba.com\/template-10\/wp-json\/wp\/v2\/media?parent=244"}],"curies":[{"name":"wp","href":"https:\/\/api.w.org\/{rel}","templated":true}]}}