{"id":592,"date":"2024-05-28T11:51:38","date_gmt":"2024-05-28T09:51:38","guid":{"rendered":"https:\/\/www.jinkoba.com\/maisonfrancaisedubain\/home\/"},"modified":"2024-09-16T14:56:34","modified_gmt":"2024-09-16T12:56:34","slug":"home","status":"publish","type":"page","link":"https:\/\/www.jinkoba.com\/maisonfrancaisedubain\/","title":{"rendered":"Home"},"content":{"rendered":"\n<div class=\"wp-block-uagb-container uagb-block-0bffc16c default uagb-is-root-container\">\n<div class=\"wp-block-uagb-image aligncenter uagb-block-9025e404 wp-block-uagb-image--layout-default wp-block-uagb-image--effect-static wp-block-uagb-image--align-center\"><figure class=\"wp-block-uagb-image__figure\"><img decoding=\"async\" srcset=\"https:\/\/www.jinkoba.com\/maisonfrancaisedubain\/wp-content\/uploads\/sites\/56\/2024\/09\/logo.jpg ,https:\/\/www.jinkoba.com\/maisonfrancaisedubain\/wp-content\/uploads\/sites\/56\/2024\/09\/logo.jpg 780w, https:\/\/www.jinkoba.com\/maisonfrancaisedubain\/wp-content\/uploads\/sites\/56\/2024\/09\/logo.jpg 360w\" sizes=\"auto, (max-width: 480px) 150px\" src=\"https:\/\/www.jinkoba.com\/maisonfrancaisedubain\/wp-content\/uploads\/sites\/56\/2024\/09\/logo.jpg\" alt=\"\" class=\"uag-image-1366\" width=\"118\" height=\"155\" title=\"logo\" loading=\"lazy\" role=\"img\"\/><\/figure><\/div>\n\n\n\n<div class=\"wp-block-uagb-container uagb-block-f2f63fd9 alignfull uagb-is-root-container\"><div class=\"uagb-container-inner-blocks-wrap\">\n<div class=\"wp-block-uagb-container uagb-block-6c7f0f4c\"><\/div>\n\n\n\n<div class=\"wp-block-uagb-container uagb-block-669e6f2f\">\n<div class=\"wp-block-group is-nowrap is-layout-flex wp-container-core-group-is-layout-6c531013 wp-block-group-is-layout-flex\">\n<h1 class=\"wp-block-heading has-text-align-center\" id=\"homeHeading\">Douche s\u00e9curis\u00e9e<\/h1>\n<\/div>\n\n\n\n<p class=\"has-text-align-center\" style=\"margin-top:0;margin-bottom:0\"><strong>Installation rapide<\/strong><br><small>90% des chantiers effectu\u00e9s dans la journ\u00e9e !<\/small><\/p>\n\n\n\n<ul style=\"margin-top:0;margin-bottom:0\" class=\"wp-block-list\">\n<li>Cr\u00e9dit d&rsquo;imp\u00f4t 25%<sup>*<\/sup><\/li>\n\n\n\n<li>TVA R\u00e9duite 10%<\/li>\n<\/ul>\n\n\n\n<div class=\"wp-block-uagb-buttons uagb-buttons__outer-wrap uagb-btn__default-btn uagb-btn-tablet__default-btn uagb-btn-mobile__default-btn uagb-block-4db96f66\"><div class=\"uagb-buttons__wrap uagb-buttons-layout-wrap \">\n<div class=\"wp-block-uagb-buttons-child uagb-buttons__outer-wrap uagb-block-9f48cbd3 wp-block-button\"><div class=\"uagb-button__wrapper\"><a class=\"uagb-buttons-repeater wp-block-button__link\" aria-label=\"\" href=\"landing-ma-prime-adapt\" rel=\"follow noopener\" target=\"_self\" role=\"button\"><div class=\"uagb-button__link\">Demande de documentation<\/div><span class=\"uagb-button__icon uagb-button__icon-position-after\"><svg xmlns=\"https:\/\/www.w3.org\/2000\/svg\" viewBox=\"0 0 512 512\" aria-hidden=\"true\" focussable=\"false\"><path d=\"M256 0C114.6 0 0 114.6 0 256c0 141.4 114.6 256 256 256s256-114.6 256-256C512 114.6 397.4 0 256 0zM406.6 278.6l-103.1 103.1c-12.5 12.5-32.75 12.5-45.25 0s-12.5-32.75 0-45.25L306.8 288H128C110.3 288 96 273.7 96 256s14.31-32 32-32h178.8l-49.38-49.38c-12.5-12.5-12.5-32.75 0-45.25s32.75-12.5 45.25 0l103.1 103.1C414.6 241.3 416 251.1 416 256C416 260.9 414.6 270.7 406.6 278.6z\"><\/path><\/svg><\/span><\/a><\/div><\/div>\n<\/div><\/div>\n\n\n\n<p class=\"has-text-align-center\" style=\"margin-top:0;margin-bottom:0\"><small><em>(*) \u00ab Sous r\u00e9serve d\u2019\u00e9ligibilit\u00e9 et de la loi fiscale en vigueur au moment du paiement \u00bb<\/em><\/small><\/p>\n<\/div>\n\n\n\n<div class=\"wp-block-uagb-container uagb-block-7feba63f\"><\/div>\n<\/div><\/div>\n<\/div>\n","protected":false},"excerpt":{"rendered":"<p>Douche s\u00e9curis\u00e9e Installation rapide90% des chantiers effectu\u00e9s dans la journ\u00e9e ! (*) \u00ab Sous r\u00e9serve d\u2019\u00e9ligibilit\u00e9 et de la loi fiscale en vigueur au moment du paiement \u00bb<\/p>\n","protected":false},"author":1,"featured_media":0,"parent":0,"menu_order":0,"comment_status":"closed","ping_status":"closed","template":"","meta":{"_uag_custom_page_level_css":"","site-sidebar-layout":"no-sidebar","site-content-layout":"page-builder","ast-site-content-layout":"full-width-container","site-content-style":"unboxed","site-sidebar-style":"unboxed","ast-global-header-display":"disabled","ast-banner-title-visibility":"disabled","ast-main-header-display":"","ast-hfb-above-header-display":"","ast-hfb-below-header-display":"","ast-hfb-mobile-header-display":"","site-post-title":"disabled","ast-breadcrumbs-content":"","ast-featured-img":"disabled","footer-sml-layout":"","ast-disable-related-posts":"","theme-transparent-header-meta":"enabled","adv-header-id-meta":"","stick-header-meta":"","header-above-stick-meta":"","header-main-stick-meta":"","header-below-stick-meta":"","astra-migrate-meta-layouts":"set","ast-page-background-enabled":"default","ast-page-background-meta":{"desktop":{"background-color":"","background-image":"","background-repeat":"repeat","background-position":"center center","background-size":"auto","background-attachment":"scroll","background-type":"","background-media":"","overlay-type":"","overlay-color":"","overlay-opacity":"","overlay-gradient":""},"tablet":{"background-color":"","background-image":"","background-repeat":"repeat","background-position":"center center","background-size":"auto","background-attachment":"scroll","background-type":"","background-media":"","overlay-type":"","overlay-color":"","overlay-opacity":"","overlay-gradient":""},"mobile":{"background-color":"","background-image":"","background-repeat":"repeat","background-position":"center center","background-size":"auto","background-attachment":"scroll","background-type":"","background-media":"","overlay-type":"","overlay-color":"","overlay-opacity":"","overlay-gradient":""}},"ast-content-background-meta":{"desktop":{"background-color":"var(--ast-global-color-5)","background-image":"","background-repeat":"repeat","background-position":"center center","background-size":"auto","background-attachment":"scroll","background-type":"","background-media":"","overlay-type":"","overlay-color":"","overlay-opacity":"","overlay-gradient":""},"tablet":{"background-color":"var(--ast-global-color-5)","background-image":"","background-repeat":"repeat","background-position":"center center","background-size":"auto","background-attachment":"scroll","background-type":"","background-media":"","overlay-type":"","overlay-color":"","overlay-opacity":"","overlay-gradient":""},"mobile":{"background-color":"var(--ast-global-color-5)","background-image":"","background-repeat":"repeat","background-position":"center center","background-size":"auto","background-attachment":"scroll","background-type":"","background-media":"","overlay-type":"","overlay-color":"","overlay-opacity":"","overlay-gradient":""}},"footnotes":""},"class_list":["post-592","page","type-page","status-publish","hentry"],"yoast_head":"<!-- This site is optimized with the Yoast SEO plugin v27.5 - https:\/\/yoast.com\/product\/yoast-seo-wordpress\/ -->\n<title>Home - Maison Fran\u00e7aise du Bain - landing pages<\/title>\n<meta name=\"robots\" content=\"index, follow, max-snippet:-1, max-image-preview:large, max-video-preview:-1\" \/>\n<link rel=\"canonical\" href=\"https:\/\/www.jinkoba.com\/maisonfrancaisedubain\/\" \/>\n<meta property=\"og:locale\" content=\"fr_FR\" \/>\n<meta property=\"og:type\" content=\"article\" \/>\n<meta property=\"og:title\" content=\"Home - Maison Fran\u00e7aise du Bain - landing pages\" \/>\n<meta property=\"og:description\" content=\"Douche s\u00e9curis\u00e9e Installation rapide90% des chantiers effectu\u00e9s dans la journ\u00e9e ! (*) \u00ab Sous r\u00e9serve d\u2019\u00e9ligibilit\u00e9 et de la loi fiscale en vigueur au moment du paiement \u00bb\" \/>\n<meta property=\"og:url\" content=\"https:\/\/www.jinkoba.com\/maisonfrancaisedubain\/\" \/>\n<meta property=\"og:site_name\" content=\"Maison Fran\u00e7aise du Bain - landing pages\" \/>\n<meta property=\"article:modified_time\" content=\"2024-09-16T12:56:34+00:00\" \/>\n<meta property=\"og:image\" content=\"http:\/\/www.jinkoba.com\/maisonfrancaisedubain\/wp-content\/uploads\/sites\/56\/2024\/09\/logo.jpg\" \/>\n<meta name=\"twitter:card\" content=\"summary_large_image\" \/>\n<meta name=\"twitter:label1\" content=\"Dur\u00e9e de lecture estim\u00e9e\" \/>\n\t<meta name=\"twitter:data1\" content=\"1 minute\" \/>\n<script type=\"application\/ld+json\" class=\"yoast-schema-graph\">{\"@context\":\"https:\\\/\\\/schema.org\",\"@graph\":[{\"@type\":\"WebPage\",\"@id\":\"https:\\\/\\\/www.jinkoba.com\\\/maisonfrancaisedubain\\\/\",\"url\":\"https:\\\/\\\/www.jinkoba.com\\\/maisonfrancaisedubain\\\/\",\"name\":\"Home - Maison Fran\u00e7aise du Bain - landing pages\",\"isPartOf\":{\"@id\":\"https:\\\/\\\/www.jinkoba.com\\\/maisonfrancaisedubain\\\/#website\"},\"primaryImageOfPage\":{\"@id\":\"https:\\\/\\\/www.jinkoba.com\\\/maisonfrancaisedubain\\\/#primaryimage\"},\"image\":{\"@id\":\"https:\\\/\\\/www.jinkoba.com\\\/maisonfrancaisedubain\\\/#primaryimage\"},\"thumbnailUrl\":\"http:\\\/\\\/www.jinkoba.com\\\/maisonfrancaisedubain\\\/wp-content\\\/uploads\\\/sites\\\/56\\\/2024\\\/09\\\/logo.jpg\",\"datePublished\":\"2024-05-28T09:51:38+00:00\",\"dateModified\":\"2024-09-16T12:56:34+00:00\",\"breadcrumb\":{\"@id\":\"https:\\\/\\\/www.jinkoba.com\\\/maisonfrancaisedubain\\\/#breadcrumb\"},\"inLanguage\":\"fr-FR\",\"potentialAction\":[{\"@type\":\"ReadAction\",\"target\":[\"https:\\\/\\\/www.jinkoba.com\\\/maisonfrancaisedubain\\\/\"]}]},{\"@type\":\"ImageObject\",\"inLanguage\":\"fr-FR\",\"@id\":\"https:\\\/\\\/www.jinkoba.com\\\/maisonfrancaisedubain\\\/#primaryimage\",\"url\":\"https:\\\/\\\/www.jinkoba.com\\\/maisonfrancaisedubain\\\/wp-content\\\/uploads\\\/sites\\\/56\\\/2024\\\/09\\\/logo.jpg\",\"contentUrl\":\"https:\\\/\\\/www.jinkoba.com\\\/maisonfrancaisedubain\\\/wp-content\\\/uploads\\\/sites\\\/56\\\/2024\\\/09\\\/logo.jpg\",\"width\":118,\"height\":155},{\"@type\":\"BreadcrumbList\",\"@id\":\"https:\\\/\\\/www.jinkoba.com\\\/maisonfrancaisedubain\\\/#breadcrumb\",\"itemListElement\":[{\"@type\":\"ListItem\",\"position\":1,\"name\":\"Accueil\",\"item\":\"https:\\\/\\\/www.jinkoba.com\\\/maisonfrancaisedubain\\\/\"},{\"@type\":\"ListItem\",\"position\":2,\"name\":\"Home\"}]},{\"@type\":\"WebSite\",\"@id\":\"https:\\\/\\\/www.jinkoba.com\\\/maisonfrancaisedubain\\\/#website\",\"url\":\"https:\\\/\\\/www.jinkoba.com\\\/maisonfrancaisedubain\\\/\",\"name\":\"Maison Fran\u00e7aise du Bain - landing pages\",\"description\":\"\",\"potentialAction\":[{\"@type\":\"SearchAction\",\"target\":{\"@type\":\"EntryPoint\",\"urlTemplate\":\"https:\\\/\\\/www.jinkoba.com\\\/maisonfrancaisedubain\\\/?s={search_term_string}\"},\"query-input\":{\"@type\":\"PropertyValueSpecification\",\"valueRequired\":true,\"valueName\":\"search_term_string\"}}],\"inLanguage\":\"fr-FR\"}]}<\/script>\n<!-- \/ Yoast SEO plugin. -->","yoast_head_json":{"title":"Home - Maison Fran\u00e7aise du Bain - landing pages","robots":{"index":"index","follow":"follow","max-snippet":"max-snippet:-1","max-image-preview":"max-image-preview:large","max-video-preview":"max-video-preview:-1"},"canonical":"https:\/\/www.jinkoba.com\/maisonfrancaisedubain\/","og_locale":"fr_FR","og_type":"article","og_title":"Home - Maison Fran\u00e7aise du Bain - landing pages","og_description":"Douche s\u00e9curis\u00e9e Installation rapide90% des chantiers effectu\u00e9s dans la journ\u00e9e ! (*) \u00ab Sous r\u00e9serve d\u2019\u00e9ligibilit\u00e9 et de la loi fiscale en vigueur au moment du paiement \u00bb","og_url":"https:\/\/www.jinkoba.com\/maisonfrancaisedubain\/","og_site_name":"Maison Fran\u00e7aise du Bain - landing pages","article_modified_time":"2024-09-16T12:56:34+00:00","og_image":[{"url":"http:\/\/www.jinkoba.com\/maisonfrancaisedubain\/wp-content\/uploads\/sites\/56\/2024\/09\/logo.jpg","type":"","width":"","height":""}],"twitter_card":"summary_large_image","twitter_misc":{"Dur\u00e9e de lecture estim\u00e9e":"1 minute"},"schema":{"@context":"https:\/\/schema.org","@graph":[{"@type":"WebPage","@id":"https:\/\/www.jinkoba.com\/maisonfrancaisedubain\/","url":"https:\/\/www.jinkoba.com\/maisonfrancaisedubain\/","name":"Home - Maison Fran\u00e7aise du Bain - landing pages","isPartOf":{"@id":"https:\/\/www.jinkoba.com\/maisonfrancaisedubain\/#website"},"primaryImageOfPage":{"@id":"https:\/\/www.jinkoba.com\/maisonfrancaisedubain\/#primaryimage"},"image":{"@id":"https:\/\/www.jinkoba.com\/maisonfrancaisedubain\/#primaryimage"},"thumbnailUrl":"http:\/\/www.jinkoba.com\/maisonfrancaisedubain\/wp-content\/uploads\/sites\/56\/2024\/09\/logo.jpg","datePublished":"2024-05-28T09:51:38+00:00","dateModified":"2024-09-16T12:56:34+00:00","breadcrumb":{"@id":"https:\/\/www.jinkoba.com\/maisonfrancaisedubain\/#breadcrumb"},"inLanguage":"fr-FR","potentialAction":[{"@type":"ReadAction","target":["https:\/\/www.jinkoba.com\/maisonfrancaisedubain\/"]}]},{"@type":"ImageObject","inLanguage":"fr-FR","@id":"https:\/\/www.jinkoba.com\/maisonfrancaisedubain\/#primaryimage","url":"https:\/\/www.jinkoba.com\/maisonfrancaisedubain\/wp-content\/uploads\/sites\/56\/2024\/09\/logo.jpg","contentUrl":"https:\/\/www.jinkoba.com\/maisonfrancaisedubain\/wp-content\/uploads\/sites\/56\/2024\/09\/logo.jpg","width":118,"height":155},{"@type":"BreadcrumbList","@id":"https:\/\/www.jinkoba.com\/maisonfrancaisedubain\/#breadcrumb","itemListElement":[{"@type":"ListItem","position":1,"name":"Accueil","item":"https:\/\/www.jinkoba.com\/maisonfrancaisedubain\/"},{"@type":"ListItem","position":2,"name":"Home"}]},{"@type":"WebSite","@id":"https:\/\/www.jinkoba.com\/maisonfrancaisedubain\/#website","url":"https:\/\/www.jinkoba.com\/maisonfrancaisedubain\/","name":"Maison Fran\u00e7aise du Bain - landing pages","description":"","potentialAction":[{"@type":"SearchAction","target":{"@type":"EntryPoint","urlTemplate":"https:\/\/www.jinkoba.com\/maisonfrancaisedubain\/?s={search_term_string}"},"query-input":{"@type":"PropertyValueSpecification","valueRequired":true,"valueName":"search_term_string"}}],"inLanguage":"fr-FR"}]}},"uagb_featured_image_src":{"full":false,"thumbnail":false,"medium":false,"medium_large":false,"large":false,"1536x1536":false,"2048x2048":false},"uagb_author_info":{"display_name":"gilles@gillesfournat.com","author_link":"https:\/\/www.jinkoba.com\/maisonfrancaisedubain\/author\/gillesgillesfournat-com\/"},"uagb_comment_info":0,"uagb_excerpt":"Douche s\u00e9curis\u00e9e Installation rapide90% des chantiers effectu\u00e9s dans la journ\u00e9e ! (*) \u00ab Sous r\u00e9serve d\u2019\u00e9ligibilit\u00e9 et de la loi fiscale en vigueur au moment du paiement \u00bb","_links":{"self":[{"href":"https:\/\/www.jinkoba.com\/maisonfrancaisedubain\/wp-json\/wp\/v2\/pages\/592","targetHints":{"allow":["GET"]}}],"collection":[{"href":"https:\/\/www.jinkoba.com\/maisonfrancaisedubain\/wp-json\/wp\/v2\/pages"}],"about":[{"href":"https:\/\/www.jinkoba.com\/maisonfrancaisedubain\/wp-json\/wp\/v2\/types\/page"}],"author":[{"embeddable":true,"href":"https:\/\/www.jinkoba.com\/maisonfrancaisedubain\/wp-json\/wp\/v2\/users\/1"}],"replies":[{"embeddable":true,"href":"https:\/\/www.jinkoba.com\/maisonfrancaisedubain\/wp-json\/wp\/v2\/comments?post=592"}],"version-history":[{"count":14,"href":"https:\/\/www.jinkoba.com\/maisonfrancaisedubain\/wp-json\/wp\/v2\/pages\/592\/revisions"}],"predecessor-version":[{"id":1530,"href":"https:\/\/www.jinkoba.com\/maisonfrancaisedubain\/wp-json\/wp\/v2\/pages\/592\/revisions\/1530"}],"wp:attachment":[{"href":"https:\/\/www.jinkoba.com\/maisonfrancaisedubain\/wp-json\/wp\/v2\/media?parent=592"}],"curies":[{"name":"wp","href":"https:\/\/api.w.org\/{rel}","templated":true}]}}